{"id":11,"date":"2019-02-18T14:19:59","date_gmt":"2019-02-18T14:19:59","guid":{"rendered":"https:\/\/plueba.vorschau.visc-media.de\/?page_id=11"},"modified":"2019-02-18T17:01:39","modified_gmt":"2019-02-18T15:01:39","slug":"11-2","status":"publish","type":"page","link":"https:\/\/plueba.de\/index.php\/11-2\/","title":{"rendered":"\u00dcber Uns"},"content":{"rendered":"<h2>Pl\u00fcBa Personalservice GmbH<\/h2>\n<p>Wir, die Pl\u00fcBa GmbH, sind ein junges aufstrebendes Unternehmen, welches im Jahr 2013 gegr\u00fcndet wurde. Unser engagiertes Mitarbeiter\u2013Team, mit \u00fcber 20 j\u00e4hriger Berufserfahrung im Bereich Zeitarbeit, steht Ihnen mit Rat und Tat zur Seite.<\/p>\n<p>Speziell die Arbeitsfelder Handwerk, Industrie und kaufm\u00e4nnische Arbeitspl\u00e4tze geh\u00f6ren zu unseren Hauptaufgabenfeldern. Allerdings m\u00f6chten wir Sie rundum betreuen. Stellen Sie uns Ihr Anforderungsprofil vor und wir finden den passenden Mitarbeiter f\u00fcr Ihr Unternehmen.<\/p>\n<p>Der schnelllebige Arbeitsmarkt und die immer wachsenden Aufgaben- und T\u00e4tigkeitsfelder, vereinfachen es nicht, geeignetes Personal zu finden.<\/p>\n<p>In Zusammenarbeit mit unseren Kooperationspartnern starten wir unsere Suche nach qualifiziertem Personal, welches auf Ihre Bed\u00fcrfnisse abgestimmt wird. Bevor wir Ihnen potenzielle Mitarbeiter vorstellen, f\u00fchren wir vorab Gespr\u00e4che und entscheiden darauf hin, welcher Mitarbeiter zu Ihren Anforderungen passt, da es nicht nur auf das Fachliche ankommt, sondern die soziale Komponente zu Ihnen passen muss.<\/p>\n<p>Wir sind engagiert, flexibel und nehmen gerne Ihre Herausforderung an, Ihnen den passenden neuen Mitarbeiter zu pr\u00e4sentieren.<\/p>\n<p>Wir freuen uns auf Sie.<\/p>\n<p>Ihr Pl\u00fcBa \u2013 Team<\/p>\n","protected":false},"excerpt":{"rendered":"<p>Pl\u00fcBa Personalservice GmbH Wir, die Pl\u00fcBa GmbH, sind ein junges aufstrebendes Unternehmen, welches im Jahr 2013 gegr\u00fcndet wurde. Unser engagiertes Mitarbeiter\u2013Team, mit \u00fcber 20 j\u00e4hriger Berufserfahrung im Bereich Zeitarbeit, steht Ihnen mit Rat und Tat zur Seite. Speziell die Arbeitsfelder Handwerk, Industrie und kaufm\u00e4nnische Arbeitspl\u00e4tze geh\u00f6ren zu unseren Hauptaufgabenfeldern. Allerdings m\u00f6chten wir Sie rundum betreuen. [&hellip;]<\/p>\n","protected":false},"author":1,"featured_media":38,"parent":0,"menu_order":0,"comment_status":"closed","ping_status":"closed","template":"","meta":{"footnotes":""},"_links":{"self":[{"href":"https:\/\/plueba.de\/index.php\/wp-json\/wp\/v2\/pages\/11"}],"collection":[{"href":"https:\/\/plueba.de\/index.php\/wp-json\/wp\/v2\/pages"}],"about":[{"href":"https:\/\/plueba.de\/index.php\/wp-json\/wp\/v2\/types\/page"}],"author":[{"embeddable":true,"href":"https:\/\/plueba.de\/index.php\/wp-json\/wp\/v2\/users\/1"}],"replies":[{"embeddable":true,"href":"https:\/\/plueba.de\/index.php\/wp-json\/wp\/v2\/comments?post=11"}],"version-history":[{"count":2,"href":"https:\/\/plueba.de\/index.php\/wp-json\/wp\/v2\/pages\/11\/revisions"}],"predecessor-version":[{"id":18,"href":"https:\/\/plueba.de\/index.php\/wp-json\/wp\/v2\/pages\/11\/revisions\/18"}],"wp:featuredmedia":[{"embeddable":true,"href":"https:\/\/plueba.de\/index.php\/wp-json\/wp\/v2\/media\/38"}],"wp:attachment":[{"href":"https:\/\/plueba.de\/index.php\/wp-json\/wp\/v2\/media?parent=11"}],"curies":[{"name":"wp","href":"https:\/\/api.w.org\/{rel}","templated":true}]}}